{"id":71,"date":"2018-05-29T01:10:45","date_gmt":"2018-05-29T01:10:45","guid":{"rendered":"http:\/\/hibridoliterario.com\/sitio\/?page_id=71"},"modified":"2019-08-29T11:35:49","modified_gmt":"2019-08-29T16:35:49","slug":"libros-llegados-a-nuestro-buzon","status":"publish","type":"page","link":"https:\/\/hibridoliterario.com\/sitio\/?page_id=71","title":{"rendered":"Libros llegados a nuestro Buz\u00f3n"},"content":{"rendered":"\n\t\t<style type=\"text\/css\">\n\t\t\t#gallery-1 {\n\t\t\t\tmargin: auto;\n\t\t\t}\n\t\t\t#gallery-1 .gallery-item {\n\t\t\t\tfloat: left;\n\t\t\t\tmargin-top: 10px;\n\t\t\t\ttext-align: center;\n\t\t\t\twidth: 25%;\n\t\t\t}\n\t\t\t#gallery-1 img {\n\t\t\t\tborder: 2px solid #cfcfcf;\n\t\t\t}\n\t\t\t#gallery-1 .gallery-caption {\n\t\t\t\tmargin-left: 0;\n\t\t\t}\n\t\t\t\/* see gallery_shortcode() in wp-includes\/media.php *\/\n\t\t<\/style>\n\t\t<div id='gallery-1' class='gallery galleryid-71 gallery-columns-4 gallery-size-full'><dl class='gallery-item'>\n\t\t\t<dt class='gallery-icon portrait'>\n\t\t\t\t<a href='https:\/\/hibridoliterario.com\/sitio\/wp-content\/uploads\/2018\/06\/velarde-e1528927275433.jpg'><img loading=\"lazy\" decoding=\"async\" width=\"152\" height=\"213\" src=\"https:\/\/hibridoliterario.com\/sitio\/wp-content\/uploads\/2018\/06\/velarde-e1528927275433.jpg\" class=\"attachment-full size-full\" alt=\"\" aria-describedby=\"gallery-1-1766\" \/><\/a>\n\t\t\t<\/dt>\n\t\t\t\t<dd class='wp-caption-text gallery-caption' id='gallery-1-1766'>\n\t\t\t\t La mejor historia de amor es siempre la mia &#8211; H\u00e9ctor Velarde\n\t\t\t\t<\/dd><\/dl><dl class='gallery-item'>\n\t\t\t<dt class='gallery-icon portrait'>\n\t\t\t\t<a href='https:\/\/hibridoliterario.com\/sitio\/wp-content\/uploads\/2018\/06\/pajaros.jpg'><img loading=\"lazy\" decoding=\"async\" width=\"141\" height=\"221\" src=\"https:\/\/hibridoliterario.com\/sitio\/wp-content\/uploads\/2018\/06\/pajaros.jpg\" class=\"attachment-full size-full\" alt=\"\" aria-describedby=\"gallery-1-1765\" \/><\/a>\n\t\t\t<\/dt>\n\t\t\t\t<dd class='wp-caption-text gallery-caption' id='gallery-1-1765'>\n\t\t\t\tRitual de P\u00e1jaros &#8211; David Cort\u00e9s Cab\u00e1n\n\t\t\t\t<\/dd><\/dl><dl class='gallery-item'>\n\t\t\t<dt class='gallery-icon portrait'>\n\t\t\t\t<a href='https:\/\/hibridoliterario.com\/sitio\/wp-content\/uploads\/2018\/06\/ludy-e1528926986738.jpg'><img loading=\"lazy\" decoding=\"async\" width=\"141\" height=\"199\" src=\"https:\/\/hibridoliterario.com\/sitio\/wp-content\/uploads\/2018\/06\/ludy-e1528926986738.jpg\" class=\"attachment-full size-full\" alt=\"\" aria-describedby=\"gallery-1-1764\" \/><\/a>\n\t\t\t<\/dt>\n\t\t\t\t<dd class='wp-caption-text gallery-caption' id='gallery-1-1764'>\n\t\t\t\tLudy D &#8211; Roxana Cris\u00f3logo\n\t\t\t\t<\/dd><\/dl><dl class='gallery-item'>\n\t\t\t<dt class='gallery-icon portrait'>\n\t\t\t\t<a href='https:\/\/hibridoliterario.com\/sitio\/wp-content\/uploads\/2018\/06\/historia.jpg'><img loading=\"lazy\" decoding=\"async\" width=\"247\" height=\"396\" src=\"https:\/\/hibridoliterario.com\/sitio\/wp-content\/uploads\/2018\/06\/historia.jpg\" class=\"attachment-full size-full\" alt=\"\" aria-describedby=\"gallery-1-1763\" srcset=\"https:\/\/hibridoliterario.com\/sitio\/wp-content\/uploads\/2018\/06\/historia.jpg 247w, https:\/\/hibridoliterario.com\/sitio\/wp-content\/uploads\/2018\/06\/historia-187x300.jpg 187w\" sizes=\"auto, (max-width: 247px) 100vw, 247px\" \/><\/a>\n\t\t\t<\/dt>\n\t\t\t\t<dd class='wp-caption-text gallery-caption' id='gallery-1-1763'>\n\t\t\t\tLa Historia Seg\u00fan La Poes\u00eda &#8211; Marita Troiano\n\t\t\t\t<\/dd><\/dl><br style=\"clear: both\" \/><dl class='gallery-item'>\n\t\t\t<dt class='gallery-icon portrait'>\n\t\t\t\t<a href='https:\/\/hibridoliterario.com\/sitio\/wp-content\/uploads\/2018\/06\/elpaso.jpg'><img loading=\"lazy\" decoding=\"async\" width=\"141\" height=\"215\" src=\"https:\/\/hibridoliterario.com\/sitio\/wp-content\/uploads\/2018\/06\/elpaso.jpg\" class=\"attachment-full size-full\" alt=\"\" aria-describedby=\"gallery-1-1762\" \/><\/a>\n\t\t\t<\/dt>\n\t\t\t\t<dd class='wp-caption-text gallery-caption' id='gallery-1-1762'>\n\t\t\t\tEl Paso &#8211; Miguel Ildefonso \n\t\t\t\t<\/dd><\/dl><dl class='gallery-item'>\n\t\t\t<dt class='gallery-icon portrait'>\n\t\t\t\t<a href='https:\/\/hibridoliterario.com\/sitio\/wp-content\/uploads\/2018\/06\/dreyfus-e1528927023241.jpg'><img loading=\"lazy\" decoding=\"async\" width=\"141\" height=\"197\" src=\"https:\/\/hibridoliterario.com\/sitio\/wp-content\/uploads\/2018\/06\/dreyfus-e1528927023241.jpg\" class=\"attachment-full size-full\" alt=\"\" aria-describedby=\"gallery-1-1761\" \/><\/a>\n\t\t\t<\/dt>\n\t\t\t\t<dd class='wp-caption-text gallery-caption' id='gallery-1-1761'>\n\t\t\t\tPez &#8211; Mariela Dreyfus\n\t\t\t\t<\/dd><\/dl><dl class='gallery-item'>\n\t\t\t<dt class='gallery-icon portrait'>\n\t\t\t\t<a href='https:\/\/hibridoliterario.com\/sitio\/wp-content\/uploads\/2018\/06\/desierto-e1528927057818.jpg'><img loading=\"lazy\" decoding=\"async\" width=\"214\" height=\"314\" src=\"https:\/\/hibridoliterario.com\/sitio\/wp-content\/uploads\/2018\/06\/desierto-e1528927057818.jpg\" class=\"attachment-full size-full\" alt=\"\" aria-describedby=\"gallery-1-1760\" srcset=\"https:\/\/hibridoliterario.com\/sitio\/wp-content\/uploads\/2018\/06\/desierto-e1528927057818.jpg 214w, https:\/\/hibridoliterario.com\/sitio\/wp-content\/uploads\/2018\/06\/desierto-e1528927057818-204x300.jpg 204w\" sizes=\"auto, (max-width: 214px) 100vw, 214px\" \/><\/a>\n\t\t\t<\/dt>\n\t\t\t\t<dd class='wp-caption-text gallery-caption' id='gallery-1-1760'>\n\t\t\t\tEl Otro Desierto &#8211; Christian Zegarra\n\t\t\t\t<\/dd><\/dl><dl class='gallery-item'>\n\t\t\t<dt class='gallery-icon portrait'>\n\t\t\t\t<a href='https:\/\/hibridoliterario.com\/sitio\/wp-content\/uploads\/2018\/06\/clara.jpg'><img loading=\"lazy\" decoding=\"async\" width=\"105\" height=\"158\" src=\"https:\/\/hibridoliterario.com\/sitio\/wp-content\/uploads\/2018\/06\/clara.jpg\" class=\"attachment-full size-full\" alt=\"\" aria-describedby=\"gallery-1-1759\" \/><\/a>\n\t\t\t<\/dt>\n\t\t\t\t<dd class='wp-caption-text gallery-caption' id='gallery-1-1759'>\n\t\t\t\tEl Vuelo de Clara &#8211; Paula Winkler\n\t\t\t\t<\/dd><\/dl><br style=\"clear: both\" \/>\n\t\t<\/div>\n\n<p><img loading=\"lazy\" decoding=\"async\" class=\"alignnone wp-image-1908\" title=\"La Sangre de la Aurora\" src=\"https:\/\/hibridoliterario.com\/sitio\/wp-content\/uploads\/2019\/08\/sangre2.jpg\" alt=\"La Sangre de la Aurora\" width=\"164\" height=\"244\" \/><img loading=\"lazy\" decoding=\"async\" class=\"wp-image-1914 alignright\" src=\"https:\/\/hibridoliterario.com\/sitio\/wp-content\/uploads\/2019\/08\/antologiausa1-1.jpg\" alt=\"Lo que tenemos en com\u00fan\" width=\"150\" height=\"225\" srcset=\"https:\/\/hibridoliterario.com\/sitio\/wp-content\/uploads\/2019\/08\/antologiausa1-1.jpg 183w, https:\/\/hibridoliterario.com\/sitio\/wp-content\/uploads\/2019\/08\/antologiausa1-1-33x50.jpg 33w\" sizes=\"auto, (max-width: 150px) 100vw, 150px\" \/><img loading=\"lazy\" decoding=\"async\" class=\"alignnone size-full wp-image-1915\" src=\"https:\/\/hibridoliterario.com\/sitio\/wp-content\/uploads\/2019\/08\/liturgias2.jpg\" alt=\"Liturgias Clandestinas\" width=\"218\" height=\"218\" srcset=\"https:\/\/hibridoliterario.com\/sitio\/wp-content\/uploads\/2019\/08\/liturgias2.jpg 218w, https:\/\/hibridoliterario.com\/sitio\/wp-content\/uploads\/2019\/08\/liturgias2-150x150.jpg 150w, https:\/\/hibridoliterario.com\/sitio\/wp-content\/uploads\/2019\/08\/liturgias2-50x50.jpg 50w, https:\/\/hibridoliterario.com\/sitio\/wp-content\/uploads\/2019\/08\/liturgias2-100x100.jpg 100w, https:\/\/hibridoliterario.com\/sitio\/wp-content\/uploads\/2019\/08\/liturgias2-140x140.jpg 140w\" sizes=\"auto, (max-width: 218px) 100vw, 218px\" \/><img loading=\"lazy\" decoding=\"async\" class=\"wp-image-1916 aligncenter\" src=\"https:\/\/hibridoliterario.com\/sitio\/wp-content\/uploads\/2019\/08\/odalia2.jpg\" alt=\"Odalia y Otros sin Esquina\" width=\"187\" height=\"187\" srcset=\"https:\/\/hibridoliterario.com\/sitio\/wp-content\/uploads\/2019\/08\/odalia2.jpg 218w, https:\/\/hibridoliterario.com\/sitio\/wp-content\/uploads\/2019\/08\/odalia2-150x150.jpg 150w, https:\/\/hibridoliterario.com\/sitio\/wp-content\/uploads\/2019\/08\/odalia2-50x50.jpg 50w, https:\/\/hibridoliterario.com\/sitio\/wp-content\/uploads\/2019\/08\/odalia2-100x100.jpg 100w, https:\/\/hibridoliterario.com\/sitio\/wp-content\/uploads\/2019\/08\/odalia2-140x140.jpg 140w\" sizes=\"auto, (max-width: 187px) 100vw, 187px\" \/><\/p>\n<p style=\"text-align: left;\"><span style=\"font-size: 8pt; font-family: arial, helvetica, sans-serif;\">\u00a0<\/span><\/p>\n<p style=\"text-align: left;\"><a href=\"https:\/\/hibridoliterario.com\/sitio\/wp-content\/uploads\/2019\/08\/antologia19-e1567094607818.jpg\"><img loading=\"lazy\" decoding=\"async\" class=\"wp-image-1956  alignnone\" src=\"https:\/\/hibridoliterario.com\/sitio\/wp-content\/uploads\/2019\/08\/antologia19-e1567094607818.jpg\" alt=\"Cuentos de Ida y Vuelta\" width=\"140\" height=\"198\" srcset=\"https:\/\/hibridoliterario.com\/sitio\/wp-content\/uploads\/2019\/08\/antologia19-e1567094607818.jpg 127w, https:\/\/hibridoliterario.com\/sitio\/wp-content\/uploads\/2019\/08\/antologia19-e1567094607818-35x50.jpg 35w\" sizes=\"auto, (max-width: 140px) 100vw, 140px\" \/><img loading=\"lazy\" decoding=\"async\" class=\"wp-image-1969 size-full aligncenter\" src=\"https:\/\/hibridoliterario.com\/sitio\/wp-content\/uploads\/2019\/08\/alexis1-1-e1567096283120.jpg\" alt=\"\" width=\"150\" height=\"225\" \/><img loading=\"lazy\" decoding=\"async\" class=\"wp-image-1967 size-full alignleft\" src=\"https:\/\/hibridoliterario.com\/sitio\/wp-content\/uploads\/2019\/08\/poesia1-1-e1567096137393.jpg\" alt=\"\" width=\"150\" height=\"211\" \/><\/a><\/p>\n","protected":false},"excerpt":{"rendered":"<p>\u00a0<\/p>\n","protected":false},"author":1,"featured_media":0,"parent":0,"menu_order":0,"comment_status":"closed","ping_status":"closed","template":"","meta":{"footnotes":""},"class_list":["post-71","page","type-page","status-publish"],"_links":{"self":[{"href":"https:\/\/hibridoliterario.com\/sitio\/index.php?rest_route=\/wp\/v2\/pages\/71","targetHints":{"allow":["GET"]}}],"collection":[{"href":"https:\/\/hibridoliterario.com\/sitio\/index.php?rest_route=\/wp\/v2\/pages"}],"about":[{"href":"https:\/\/hibridoliterario.com\/sitio\/index.php?rest_route=\/wp\/v2\/types\/page"}],"author":[{"embeddable":true,"href":"https:\/\/hibridoliterario.com\/sitio\/index.php?rest_route=\/wp\/v2\/users\/1"}],"replies":[{"embeddable":true,"href":"https:\/\/hibridoliterario.com\/sitio\/index.php?rest_route=%2Fwp%2Fv2%2Fcomments&post=71"}],"version-history":[{"count":11,"href":"https:\/\/hibridoliterario.com\/sitio\/index.php?rest_route=\/wp\/v2\/pages\/71\/revisions"}],"predecessor-version":[{"id":1971,"href":"https:\/\/hibridoliterario.com\/sitio\/index.php?rest_route=\/wp\/v2\/pages\/71\/revisions\/1971"}],"wp:attachment":[{"href":"https:\/\/hibridoliterario.com\/sitio\/index.php?rest_route=%2Fwp%2Fv2%2Fmedia&parent=71"}],"curies":[{"name":"wp","href":"https:\/\/api.w.org\/{rel}","templated":true}]}}